{"id":1495,"date":"2024-08-08T12:00:56","date_gmt":"2024-08-08T12:00:56","guid":{"rendered":"https:\/\/diasadvocaciapg.com.br\/practice-areas\/"},"modified":"2024-09-11T19:23:12","modified_gmt":"2024-09-11T19:23:12","slug":"practice-areas","status":"publish","type":"page","link":"https:\/\/diasadvocaciapg.com.br\/?page_id=1495","title":{"rendered":"\u00c1reas de Atua\u00e7\u00e3o"},"content":{"rendered":"\t\t<div data-elementor-type=\"wp-page\" data-elementor-id=\"1495\" class=\"elementor elementor-1495\">\n\t\t\t\t<div class=\"elementor-element elementor-element-602e1c1 e-flex e-con-boxed e-con e-parent\" data-id=\"602e1c1\" data-element_type=\"container\" data-settings=\"{&quot;background_background&quot;:&quot;classic&quot;}\">\n\t\t\t\t\t<div class=\"e-con-inner\">\n\t\t<div class=\"elementor-element elementor-element-e734561 e-con-full e-flex e-con e-child\" data-id=\"e734561\" data-element_type=\"container\">\n\t\t\t\t<div class=\"elementor-element elementor-element-cb05209 elementor-widget-divider--view-line elementor-widget elementor-widget-divider\" data-id=\"cb05209\" data-element_type=\"widget\" data-widget_type=\"divider.default\">\n\t\t\t\t<div class=\"elementor-widget-container\">\n\t\t\t\t\t<div class=\"elementor-divider\">\n\t\t\t<span class=\"elementor-divider-separator\">\n\t\t\t\t\t\t<\/span>\n\t\t<\/div>\n\t\t\t\t<\/div>\n\t\t\t\t<\/div>\n\t\t\t\t<div class=\"elementor-element elementor-element-8b85114 elementor-widget elementor-widget-heading\" data-id=\"8b85114\" data-element_type=\"widget\" data-widget_type=\"heading.default\">\n\t\t\t\t<div class=\"elementor-widget-container\">\n\t\t\t<h1 class=\"elementor-heading-title elementor-size-default\">\u00c1REAS DE ATUA\u00c7\u00c3O<\/h1>\t\t<\/div>\n\t\t\t\t<\/div>\n\t\t\t\t<\/div>\n\t\t\t\t\t<\/div>\n\t\t\t\t<\/div>\n\t\t<div class=\"elementor-element elementor-element-5d15893 e-flex e-con-boxed e-con e-parent\" data-id=\"5d15893\" data-element_type=\"container\" data-settings=\"{&quot;background_background&quot;:&quot;classic&quot;}\">\n\t\t\t\t\t<div class=\"e-con-inner\">\n\t\t<div class=\"elementor-element elementor-element-692c216 e-con-full e-flex e-con e-child\" data-id=\"692c216\" data-element_type=\"container\">\n\t\t\t\t<div class=\"elementor-element elementor-element-ab83993 elementor-widget-divider--view-line elementor-widget elementor-widget-divider\" data-id=\"ab83993\" data-element_type=\"widget\" data-widget_type=\"divider.default\">\n\t\t\t\t<div class=\"elementor-widget-container\">\n\t\t\t\t\t<div class=\"elementor-divider\">\n\t\t\t<span class=\"elementor-divider-separator\">\n\t\t\t\t\t\t<\/span>\n\t\t<\/div>\n\t\t\t\t<\/div>\n\t\t\t\t<\/div>\n\t\t\t\t<div class=\"elementor-element elementor-element-9764b2a elementor-widget elementor-widget-heading\" data-id=\"9764b2a\" data-element_type=\"widget\" data-widget_type=\"heading.default\">\n\t\t\t\t<div class=\"elementor-widget-container\">\n\t\t\t<h2 class=\"elementor-heading-title elementor-size-default\">Dias Advocacia<\/h2>\t\t<\/div>\n\t\t\t\t<\/div>\n\t\t\t\t<div class=\"elementor-element elementor-element-d06fd3d elementor-widget elementor-widget-text-editor\" data-id=\"d06fd3d\" data-element_type=\"widget\" data-widget_type=\"text-editor.default\">\n\t\t\t\t<div class=\"elementor-widget-container\">\n\t\t\t\t\t\t\t<p>\u00a0\u00a0\u00a0\u00a0 Bem-vindo ao Escrit\u00f3rio Dias Advocacia, onde a experi\u00eancia e o compromisso se encontram para oferecer a voc\u00ea a melhor assist\u00eancia jur\u00eddica.<\/p><p>\u00a0\u00a0\u00a0\u00a0\u00a0\u00a0\u00a0\u00a0 Com uma s\u00f3lida forma\u00e7\u00e3o acad\u00eamica e pr\u00e1tica, nossa miss\u00e3o \u00e9 fornecer solu\u00e7\u00f5es jur\u00eddicas eficazes e personalizadas para cada caso.<\/p><p>Nossa Experi\u00eancia<\/p><p>\u00a0\u00a0\u00a0\u00a0\u00a0\u00a0 Com forma\u00e7\u00e3o em Direito e Especializa\u00e7\u00e3o em Direito e Processo Penal, nosso fundador Deivedy Carlos Dias possui uma vasta experi\u00eancia nas \u00e1reas C\u00edvel, Fam\u00edlia, e Criminal. Ao longo dos anos, foi desenvolvido um profundo entendimento das complexidades e nuances de cada uma dessas \u00e1reas, o que nos permite oferecer uma abordagem estrat\u00e9gica e eficaz para cada situa\u00e7\u00e3o.<\/p><p>Nossas \u00c1reas de Atua\u00e7\u00e3o<\/p><p>\u00a0&#8211; Direito Civil: Atuamos com excel\u00eancia em quest\u00f5es relacionadas a contratos, propriedades, responsabilidade civil e outras demandas c\u00edveis, garantindo que seus direitos sejam protegidos e suas necessidades atendidas.<\/p><p>&#8211; Direito de Fam\u00edlia: Compreendemos a import\u00e2ncia e a sensibilidade das quest\u00f5es familiares. Oferecemos apoio em processos de div\u00f3rcio, guarda de filhos, pens\u00e3o aliment\u00edcia e outros temas familiares, buscando sempre solu\u00e7\u00f5es que respeitem e atendam aos interesses de todas as partes envolvidas.<\/p><p>&#8211; Direito Criminal: Nossa especializa\u00e7\u00e3o em Direito e Processo Penal nos permite oferecer uma defesa robusta e estrat\u00e9gica em casos criminais. Trabalhamos diligentemente para garantir que seus direitos sejam preservados e que voc\u00ea receba a melhor representa\u00e7\u00e3o poss\u00edvel.<\/p><p>\u00a0Nosso Compromisso<\/p><p>\u00a0\u00a0\u00a0\u00a0 Estamos comprometidos em oferecer um atendimento personalizado, transparente e \u00e9tico. Acreditamos que cada cliente merece uma abordagem individualizada, e trabalhamos incansavelmente para entender suas necessidades e objetivos espec\u00edficos. No escrit\u00f3rio Dias Advocacia, voc\u00ea encontrar\u00e1 um aliado dedicado e experiente, pronto para enfrentar os desafios jur\u00eddicos com compet\u00eancia e empatia.<\/p><p>Entre em Contato<\/p><p>\u00a0\u00a0\u00a0\u00a0 Se voc\u00ea est\u00e1 buscando um escrit\u00f3rio de advocacia que combine experi\u00eancia, dedica\u00e7\u00e3o e uma abordagem centrada no cliente, n\u00e3o hesite em entrar em contato conosco. Estamos aqui para ajudar a resolver suas quest\u00f5es jur\u00eddicas com a m\u00e1xima profissionalidade e cuidado.<\/p>\t\t\t\t\t\t<\/div>\n\t\t\t\t<\/div>\n\t\t<div class=\"elementor-element elementor-element-b217c5e e-flex e-con-boxed e-con e-child\" data-id=\"b217c5e\" data-element_type=\"container\">\n\t\t\t\t\t<div class=\"e-con-inner\">\n\t\t<div class=\"elementor-element elementor-element-438ab64 e-con-full e-flex e-con e-child\" data-id=\"438ab64\" data-element_type=\"container\" data-settings=\"{&quot;background_background&quot;:&quot;classic&quot;}\">\n\t\t\t\t<div class=\"elementor-element elementor-element-fdb6161 elementor-view-default elementor-position-top elementor-mobile-position-top elementor-widget elementor-widget-icon-box\" data-id=\"fdb6161\" data-element_type=\"widget\" data-widget_type=\"icon-box.default\">\n\t\t\t\t<div class=\"elementor-widget-container\">\n\t\t\t\t\t<div class=\"elementor-icon-box-wrapper\">\n\n\t\t\t\t\t\t<div class=\"elementor-icon-box-icon\">\n\t\t\t\t<span  class=\"elementor-icon elementor-animation-\">\n\t\t\t\t<svg aria-hidden=\"true\" class=\"e-font-icon-svg e-fas-people-arrows\" viewBox=\"0 0 576 512\" xmlns=\"http:\/\/www.w3.org\/2000\/svg\"><path d=\"M96,128A64,64,0,1,0,32,64,64,64,0,0,0,96,128Zm0,176.08a44.11,44.11,0,0,1,13.64-32L181.77,204c1.65-1.55,3.77-2.31,5.61-3.57A63.91,63.91,0,0,0,128,160H64A64,64,0,0,0,0,224v96a32,32,0,0,0,32,32V480a32,32,0,0,0,32,32h64a32,32,0,0,0,32-32V383.61l-50.36-47.53A44.08,44.08,0,0,1,96,304.08ZM480,128a64,64,0,1,0-64-64A64,64,0,0,0,480,128Zm32,32H448a63.91,63.91,0,0,0-59.38,40.42c1.84,1.27,4,2,5.62,3.59l72.12,68.06a44.37,44.37,0,0,1,0,64L416,383.62V480a32,32,0,0,0,32,32h64a32,32,0,0,0,32-32V352a32,32,0,0,0,32-32V224A64,64,0,0,0,512,160ZM444.4,295.34l-72.12-68.06A12,12,0,0,0,352,236v36H224V236a12,12,0,0,0-20.28-8.73L131.6,295.34a12.4,12.4,0,0,0,0,17.47l72.12,68.07A12,12,0,0,0,224,372.14V336H352v36.14a12,12,0,0,0,20.28,8.74l72.12-68.07A12.4,12.4,0,0,0,444.4,295.34Z\"><\/path><\/svg>\t\t\t\t<\/span>\n\t\t\t<\/div>\n\t\t\t\n\t\t\t\t\t\t<div class=\"elementor-icon-box-content\">\n\n\t\t\t\t\t\t\t\t\t<h4 class=\"elementor-icon-box-title\">\n\t\t\t\t\t\t<span  >\n\t\t\t\t\t\t\tDireito Civil\t\t\t\t\t\t<\/span>\n\t\t\t\t\t<\/h4>\n\t\t\t\t\n\t\t\t\t\t\t\t\t\t<p class=\"elementor-icon-box-description\">\n\t\t\t\t\t\t\nDireito Civil \u00e9 o ramo do Direito que regula as rela\u00e7\u00f5es entre indiv\u00edduos e trata de quest\u00f5es relacionadas a contratos, propriedade, responsabilidade civil e quest\u00f5es familiares. Ele abrange desde a elabora\u00e7\u00e3o e interpreta\u00e7\u00e3o de contratos at\u00e9 a resolu\u00e7\u00e3o de disputas sobre bens e danos, garantindo que os direitos e deveres das partes envolvidas sejam respeitados e adequadamente resolvidos.\n\n\n\n\n\n\n\n\n\t\t\t\t\t<\/p>\n\t\t\t\t\n\t\t\t<\/div>\n\t\t\t\n\t\t<\/div>\n\t\t\t\t<\/div>\n\t\t\t\t<\/div>\n\t\t\t\t<\/div>\n\t\t<div class=\"elementor-element elementor-element-5cc8c92 e-con-full e-flex e-con e-child\" data-id=\"5cc8c92\" data-element_type=\"container\" data-settings=\"{&quot;background_background&quot;:&quot;classic&quot;}\">\n\t\t\t\t<div class=\"elementor-element elementor-element-4c413e4 elementor-view-default elementor-position-top elementor-mobile-position-top elementor-widget elementor-widget-icon-box\" data-id=\"4c413e4\" data-element_type=\"widget\" data-widget_type=\"icon-box.default\">\n\t\t\t\t<div class=\"elementor-widget-container\">\n\t\t\t\t\t<div class=\"elementor-icon-box-wrapper\">\n\n\t\t\t\t\t\t<div class=\"elementor-icon-box-icon\">\n\t\t\t\t<span  class=\"elementor-icon elementor-animation-\">\n\t\t\t\t<svg aria-hidden=\"true\" class=\"e-font-icon-svg e-fas-house-damage\" viewBox=\"0 0 576 512\" xmlns=\"http:\/\/www.w3.org\/2000\/svg\"><path d=\"M288 114.96L69.47 307.71c-1.62 1.46-3.69 2.14-5.47 3.35V496c0 8.84 7.16 16 16 16h149.23L192 439.19l104.11-64-60.16-119.22L384 392.75l-104.11 64L319.81 512H496c8.84 0 16-7.16 16-16V311.1c-1.7-1.16-3.72-1.82-5.26-3.2L288 114.96zm282.69 121.32L512 184.45V48c0-8.84-7.16-16-16-16h-64c-8.84 0-16 7.16-16 16v51.69L314.75 10.31C307.12 3.45 297.56.01 288 0s-19.1 3.41-26.7 10.27L5.31 236.28c-6.57 5.91-7.12 16.02-1.21 22.6l21.4 23.82c5.9 6.57 16.02 7.12 22.6 1.21L277.42 81.63c6.05-5.33 15.12-5.33 21.17 0L527.91 283.9c6.57 5.9 16.69 5.36 22.6-1.21l21.4-23.82c5.9-6.57 5.36-16.69-1.22-22.59z\"><\/path><\/svg>\t\t\t\t<\/span>\n\t\t\t<\/div>\n\t\t\t\n\t\t\t\t\t\t<div class=\"elementor-icon-box-content\">\n\n\t\t\t\t\t\t\t\t\t<h4 class=\"elementor-icon-box-title\">\n\t\t\t\t\t\t<span  >\n\t\t\t\t\t\t\tDireito de Fam\u00edlia\t\t\t\t\t\t<\/span>\n\t\t\t\t\t<\/h4>\n\t\t\t\t\n\t\t\t\t\t\t\t\t\t<p class=\"elementor-icon-box-description\">\n\t\t\t\t\t\tDireito de Fam\u00edlia \u00e9 o ramo do Direito que lida com as quest\u00f5es jur\u00eddicas relacionadas \u00e0s rela\u00e7\u00f5es familiares e pessoais. Ele abrange uma ampla gama de assuntos, incluindo casamento, div\u00f3rcio, guarda de filhos, pens\u00e3o aliment\u00edcia e sucess\u00f5es. O Direito de Fam\u00edlia busca resolver disputas e proteger os direitos dos indiv\u00edduos em contextos familiares, promovendo solu\u00e7\u00f5es que atendam aos interesses e necessidades de todos os membros da fam\u00edlia.\t\t\t\t\t<\/p>\n\t\t\t\t\n\t\t\t<\/div>\n\t\t\t\n\t\t<\/div>\n\t\t\t\t<\/div>\n\t\t\t\t<\/div>\n\t\t\t\t<\/div>\n\t\t<div class=\"elementor-element elementor-element-0595e3b e-con-full e-flex e-con e-child\" data-id=\"0595e3b\" data-element_type=\"container\" data-settings=\"{&quot;background_background&quot;:&quot;classic&quot;}\">\n\t\t\t\t<div class=\"elementor-element elementor-element-f9870cd elementor-view-default elementor-position-top elementor-mobile-position-top elementor-widget elementor-widget-icon-box\" data-id=\"f9870cd\" data-element_type=\"widget\" data-widget_type=\"icon-box.default\">\n\t\t\t\t<div class=\"elementor-widget-container\">\n\t\t\t\t\t<div class=\"elementor-icon-box-wrapper\">\n\n\t\t\t\t\t\t<div class=\"elementor-icon-box-icon\">\n\t\t\t\t<span  class=\"elementor-icon elementor-animation-\">\n\t\t\t\t<svg aria-hidden=\"true\" class=\"e-font-icon-svg e-fas-shopping-basket\" viewBox=\"0 0 576 512\" xmlns=\"http:\/\/www.w3.org\/2000\/svg\"><path d=\"M576 216v16c0 13.255-10.745 24-24 24h-8l-26.113 182.788C514.509 462.435 494.257 480 470.37 480H105.63c-23.887 0-44.139-17.565-47.518-41.212L32 256h-8c-13.255 0-24-10.745-24-24v-16c0-13.255 10.745-24 24-24h67.341l106.78-146.821c10.395-14.292 30.407-17.453 44.701-7.058 14.293 10.395 17.453 30.408 7.058 44.701L170.477 192h235.046L326.12 82.821c-10.395-14.292-7.234-34.306 7.059-44.701 14.291-10.395 34.306-7.235 44.701 7.058L484.659 192H552c13.255 0 24 10.745 24 24zM312 392V280c0-13.255-10.745-24-24-24s-24 10.745-24 24v112c0 13.255 10.745 24 24 24s24-10.745 24-24zm112 0V280c0-13.255-10.745-24-24-24s-24 10.745-24 24v112c0 13.255 10.745 24 24 24s24-10.745 24-24zm-224 0V280c0-13.255-10.745-24-24-24s-24 10.745-24 24v112c0 13.255 10.745 24 24 24s24-10.745 24-24z\"><\/path><\/svg>\t\t\t\t<\/span>\n\t\t\t<\/div>\n\t\t\t\n\t\t\t\t\t\t<div class=\"elementor-icon-box-content\">\n\n\t\t\t\t\t\t\t\t\t<h4 class=\"elementor-icon-box-title\">\n\t\t\t\t\t\t<span  >\n\t\t\t\t\t\t\tDireito do Consumidor\t\t\t\t\t\t<\/span>\n\t\t\t\t\t<\/h4>\n\t\t\t\t\n\t\t\t\t\t\t\t\t\t<p class=\"elementor-icon-box-description\">\n\t\t\t\t\t\tDireito do Consumidor \u00e9 o ramo do Direito que protege os direitos dos consumidores em suas rela\u00e7\u00f5es de compra e consumo de bens e servi\u00e7os. Ele aborda quest\u00f5es como pr\u00e1ticas comerciais injustas, garantias, contratos de consumo e direitos em caso de produtos defeituosos ou servi\u00e7os inadequados. O objetivo do Direito do Consumidor \u00e9 assegurar que as transa\u00e7\u00f5es sejam justas e que os consumidores sejam tratados com respeito, recebendo o que foi prometido e tendo acesso a solu\u00e7\u00f5es adequadas para quaisquer problemas que possam surgir.\t\t\t\t\t<\/p>\n\t\t\t\t\n\t\t\t<\/div>\n\t\t\t\n\t\t<\/div>\n\t\t\t\t<\/div>\n\t\t\t\t<\/div>\n\t\t\t\t<\/div>\n\t\t\t\t\t<\/div>\n\t\t\t\t<\/div>\n\t\t<div class=\"elementor-element elementor-element-d28ffe1 e-flex e-con-boxed e-con e-child\" data-id=\"d28ffe1\" data-element_type=\"container\">\n\t\t\t\t\t<div class=\"e-con-inner\">\n\t\t<div class=\"elementor-element elementor-element-fe03d94 e-con-full e-flex e-con e-child\" data-id=\"fe03d94\" data-element_type=\"container\" data-settings=\"{&quot;background_background&quot;:&quot;classic&quot;}\">\n\t\t\t\t<div class=\"elementor-element elementor-element-182c055 elementor-view-default elementor-position-top elementor-mobile-position-top elementor-widget elementor-widget-icon-box\" data-id=\"182c055\" data-element_type=\"widget\" data-widget_type=\"icon-box.default\">\n\t\t\t\t<div class=\"elementor-widget-container\">\n\t\t\t\t\t<div class=\"elementor-icon-box-wrapper\">\n\n\t\t\t\t\t\t<div class=\"elementor-icon-box-icon\">\n\t\t\t\t<span  class=\"elementor-icon elementor-animation-\">\n\t\t\t\t<svg aria-hidden=\"true\" class=\"e-font-icon-svg e-fas-balance-scale\" viewBox=\"0 0 640 512\" xmlns=\"http:\/\/www.w3.org\/2000\/svg\"><path d=\"M256 336h-.02c0-16.18 1.34-8.73-85.05-181.51-17.65-35.29-68.19-35.36-85.87 0C-2.06 328.75.02 320.33.02 336H0c0 44.18 57.31 80 128 80s128-35.82 128-80zM128 176l72 144H56l72-144zm511.98 160c0-16.18 1.34-8.73-85.05-181.51-17.65-35.29-68.19-35.36-85.87 0-87.12 174.26-85.04 165.84-85.04 181.51H384c0 44.18 57.31 80 128 80s128-35.82 128-80h-.02zM440 320l72-144 72 144H440zm88 128H352V153.25c23.51-10.29 41.16-31.48 46.39-57.25H528c8.84 0 16-7.16 16-16V48c0-8.84-7.16-16-16-16H383.64C369.04 12.68 346.09 0 320 0s-49.04 12.68-63.64 32H112c-8.84 0-16 7.16-16 16v32c0 8.84 7.16 16 16 16h129.61c5.23 25.76 22.87 46.96 46.39 57.25V448H112c-8.84 0-16 7.16-16 16v32c0 8.84 7.16 16 16 16h416c8.84 0 16-7.16 16-16v-32c0-8.84-7.16-16-16-16z\"><\/path><\/svg>\t\t\t\t<\/span>\n\t\t\t<\/div>\n\t\t\t\n\t\t\t\t\t\t<div class=\"elementor-icon-box-content\">\n\n\t\t\t\t\t\t\t\t\t<h4 class=\"elementor-icon-box-title\">\n\t\t\t\t\t\t<span  >\n\t\t\t\t\t\t\tDireito Criminal\t\t\t\t\t\t<\/span>\n\t\t\t\t\t<\/h4>\n\t\t\t\t\n\t\t\t\t\t\t\t\t\t<p class=\"elementor-icon-box-description\">\n\t\t\t\t\t\tDireito Criminal \u00e9 o ramo do Direito que trata das infra\u00e7\u00f5es penais e das penalidades associadas. Ele abrange a defini\u00e7\u00e3o de crimes, as puni\u00e7\u00f5es correspondentes e o processo judicial penal, desde a investiga\u00e7\u00e3o at\u00e9 o julgamento. O Direito Criminal visa proteger a sociedade, garantir que os acusados tenham um julgamento justo e assegurar que a justi\u00e7a seja feita de acordo com a lei.\t\t\t\t\t<\/p>\n\t\t\t\t\n\t\t\t<\/div>\n\t\t\t\n\t\t<\/div>\n\t\t\t\t<\/div>\n\t\t\t\t<\/div>\n\t\t\t\t<\/div>\n\t\t\t\t\t<\/div>\n\t\t\t\t<\/div>\n\t\t\t\t<\/div>\n\t\t\t\t\t<\/div>\n\t\t\t\t<\/div>\n\t\t\t\t<\/div>\n\t\t","protected":false},"excerpt":{"rendered":"<p>\u00c1REAS DE ATUA\u00c7\u00c3O Dias Advocacia \u00a0\u00a0\u00a0\u00a0 Bem-vindo ao Escrit\u00f3rio Dias Advocacia, onde a experi\u00eancia e o compromisso se encontram para oferecer a voc\u00ea a melhor assist\u00eancia jur\u00eddica. \u00a0\u00a0\u00a0\u00a0\u00a0\u00a0\u00a0\u00a0 Com uma s\u00f3lida forma\u00e7\u00e3o acad\u00eamica e pr\u00e1tica, nossa miss\u00e3o \u00e9 fornecer solu\u00e7\u00f5es jur\u00eddicas eficazes e personalizadas para cada caso. Nossa Experi\u00eancia \u00a0\u00a0\u00a0\u00a0\u00a0\u00a0 Com forma\u00e7\u00e3o em Direito e [&hellip;]<\/p>\n","protected":false},"author":1,"featured_media":0,"parent":0,"menu_order":0,"comment_status":"closed","ping_status":"closed","template":"","meta":{"site-sidebar-layout":"default","site-content-layout":"page-builder","ast-site-content-layout":"","site-content-style":"default","site-sidebar-style":"default","ast-global-header-display":"","ast-banner-title-visibility":"","ast-main-header-display":"","ast-hfb-above-header-display":"","ast-hfb-below-header-display":"","ast-hfb-mobile-header-display":"","site-post-title":"disabled","ast-breadcrumbs-content":"disabled","ast-featured-img":"disabled","footer-sml-layout":"","theme-transparent-header-meta":"enabled","adv-header-id-meta":"","stick-header-meta":"","header-above-stick-meta":"","header-main-stick-meta":"","header-below-stick-meta":"","astra-migrate-meta-layouts":"default","ast-page-background-enabled":"default","ast-page-background-meta":{"desktop":{"background-color":"","background-image":"","background-repeat":"repeat","background-position":"center center","background-size":"auto","background-attachment":"scroll","background-type":"","background-media":"","overlay-type":"","overlay-color":"","overlay-opacity":"","overlay-gradient":""},"tablet":{"background-color":"","background-image":"","background-repeat":"repeat","background-position":"center center","background-size":"auto","background-attachment":"scroll","background-type":"","background-media":"","overlay-type":"","overlay-color":"","overlay-opacity":"","overlay-gradient":""},"mobile":{"background-color":"","background-image":"","background-repeat":"repeat","background-position":"center center","background-size":"auto","background-attachment":"scroll","background-type":"","background-media":"","overlay-type":"","overlay-color":"","overlay-opacity":"","overlay-gradient":""}},"ast-content-background-meta":{"desktop":{"background-color":"var(--ast-global-color-5)","background-image":"","background-repeat":"repeat","background-position":"center center","background-size":"auto","background-attachment":"scroll","background-type":"","background-media":"","overlay-type":"","overlay-color":"","overlay-opacity":"","overlay-gradient":""},"tablet":{"background-color":"var(--ast-global-color-5)","background-image":"","background-repeat":"repeat","background-position":"center center","background-size":"auto","background-attachment":"scroll","background-type":"","background-media":"","overlay-type":"","overlay-color":"","overlay-opacity":"","overlay-gradient":""},"mobile":{"background-color":"var(--ast-global-color-5)","background-image":"","background-repeat":"repeat","background-position":"center center","background-size":"auto","background-attachment":"scroll","background-type":"","background-media":"","overlay-type":"","overlay-color":"","overlay-opacity":"","overlay-gradient":""}},"footnotes":""},"class_list":["post-1495","page","type-page","status-publish","hentry"],"_links":{"self":[{"href":"https:\/\/diasadvocaciapg.com.br\/index.php?rest_route=\/wp\/v2\/pages\/1495"}],"collection":[{"href":"https:\/\/diasadvocaciapg.com.br\/index.php?rest_route=\/wp\/v2\/pages"}],"about":[{"href":"https:\/\/diasadvocaciapg.com.br\/index.php?rest_route=\/wp\/v2\/types\/page"}],"author":[{"embeddable":true,"href":"https:\/\/diasadvocaciapg.com.br\/index.php?rest_route=\/wp\/v2\/users\/1"}],"replies":[{"embeddable":true,"href":"https:\/\/diasadvocaciapg.com.br\/index.php?rest_route=%2Fwp%2Fv2%2Fcomments&post=1495"}],"version-history":[{"count":22,"href":"https:\/\/diasadvocaciapg.com.br\/index.php?rest_route=\/wp\/v2\/pages\/1495\/revisions"}],"predecessor-version":[{"id":1703,"href":"https:\/\/diasadvocaciapg.com.br\/index.php?rest_route=\/wp\/v2\/pages\/1495\/revisions\/1703"}],"wp:attachment":[{"href":"https:\/\/diasadvocaciapg.com.br\/index.php?rest_route=%2Fwp%2Fv2%2Fmedia&parent=1495"}],"curies":[{"name":"wp","href":"https:\/\/api.w.org\/{rel}","templated":true}]}}